{"id":4803,"date":"2020-11-20T22:04:39","date_gmt":"2020-11-20T21:04:39","guid":{"rendered":"http:\/\/fritzschumacher.de\/gesellschaft\/?page_id=4803"},"modified":"2025-01-26T22:22:52","modified_gmt":"2025-01-26T21:22:52","slug":"ueberuns","status":"publish","type":"page","link":"https:\/\/fritzschumacher.de\/gesellschaft\/ueberuns\/","title":{"rendered":"ABOUT"},"content":{"rendered":"<div class=\"wpb-content-wrapper\"><p>[vc_row][vc_column width=&#8220;1\/2&#8243;][vc_column_text css=&#8220;&#8220;]<\/p>\n<h1 style=\"font-weight: 500;\">Bewahren \u00a0Vermitteln \u00a0Inspirieren<\/h1>\n<p><em>english version below<\/em><\/p>\n<p>Die Fritz-Schumacher-Gesellschaft versteht sich als Vereinigung zur F\u00f6rderung der Baukultur. Sie bewahrt und vermittelt das ideelle und bauliche Erbe des Architekten, St\u00e4dtebauers und fr\u00fcheren Hamburger Oberbaudirektors Fritz Schumacher (1869-1947). Von ihm inspiriert, schauen wir mit interdisziplin\u00e4rem Blick auf die Zukunft der Stadt als Kultur- und Lebensraum und initiieren einen fundierten und unabh\u00e4ngigen Diskurs zu aktuellen Themen der Architektur und des st\u00e4dtischen Raums.<br \/>\nDie Fritz-Schumacher-Gesellschaft ist seit 1994 ehrenamtlich organisiert und unabh\u00e4ngig von politischen sowie berufspolitischen Zw\u00e4ngen; getragen durch das pers\u00f6nliche Engagement von rund 100 Mitgliedern und deren Begeisterung f\u00fcr qualit\u00e4tsvollen und zukunftsweisenden Architektur- und Stadtraum.<\/p>\n<h1 style=\"font-weight: 500;\"><em>Preserve \u00a0Communicate \u00a0Inspire<\/em><\/h1>\n<p style=\"font-weight: 400;\"><em>The Fritz Schumacher Society sees itself as an association for the promotion of building culture. It preserves and communicates the ideas and architectural legacy of the architect, urban planner and former Hamburg Chief Building Director Fritz Schumacher (1869-1947). Inspired by his thinking, we take an interdisciplinary view on the future of the city as a cultural and living space and initiate a considered discourse on current issues of architecture and urbanism.<\/em><\/p>\n<p><em>The Fritz Schumacher Gesellschaft has been organized on a voluntary basis since 1994 and is independent of political and professional constraints; it is supported by the personal commitment of around 100 members and their enthusiasm for high-quality and forward-thinking architecture and urban space.<\/em>[\/vc_column_text][vc_column_text css=&#8220;.vc_custom_1713292660153{margin-top: 10px !important;}&#8220;]Fritz-Schumacher-Gesellschaft e.V.<br \/>\nGro\u00dfe Elbstra\u00dfe 279<br \/>\n22767 Hamburg<br \/>\ngesellschaft@fritzschumacher.de[\/vc_column_text][vc_column_text css=&#8220;.vc_custom_1713292629304{margin-top: 10px !important;}&#8220;]<\/p>\n<h4><strong>Vorstand<br \/>\n<\/strong><\/h4>\n<p>Prof. Katja-Annika Pahl |\u00a0Vorsitzende<\/p>\n<p>Dipl.-Ing. Elinor Sch\u00fces |\u00a0stv. Vorsitzende<\/p>\n<p>MA Catherine Pease |\u00a0stv. Vorsitzende<\/p>\n<p>MSc Linghui Huang |\u00a0Schatzmeisterin<\/p>\n<p>Prof. Eike Harant |\u00a0Schriftf\u00fchrer[\/vc_column_text][vc_column_text css=&#8220;.vc_custom_1611870700377{margin-top: 10px !important;}&#8220;]<\/p>\n<h4><strong>Ehrenvorsitzende<\/strong><\/h4>\n<p>EBD a.D. Dr.-Ing. Klaus-Dieter Ebert |\u00a0Ehrenvorsitzender<br \/>\nebert [@] fritzschumacher.de<\/p>\n<p>Prof. Hans-G\u00fcnther Burkhardt |\u00a0Ehrenvorsitzender<br \/>\nh.g.burkhardt [@] gmx.de[\/vc_column_text][\/vc_column][vc_column width=&#8220;1\/4&#8243;][\/vc_column][vc_column width=&#8220;1\/4&#8243;][vc_empty_space height=&#8220;400px&#8220;][vc_single_image image=&#8220;7630&#8243; img_size=&#8220;full&#8220; onclick=&#8220;custom_link&#8220; css=&#8220;&#8220; link=&#8220;http:\/\/fritzschumacher.de\/gesellschaft\/newsletter&#8220;][\/vc_column][\/vc_row][vc_row][vc_column][vc_column_text]<\/p>\n<p>[\/vc_column_text][\/vc_column][\/vc_row]<\/p>\n<\/div>","protected":false},"excerpt":{"rendered":"<p>[vc_row][vc_column width=&#8220;1\/2&#8243;][vc_column_text css=&#8220;&#8220;] Bewahren \u00a0Vermitteln \u00a0Inspirieren english version below Die Fritz-Schumacher-Gesellschaft versteht sich als Vereinigung zur F\u00f6rderung der Baukultur. Sie bewahrt und vermittelt das ideelle und bauliche Erbe des Architekten, St\u00e4dtebauers und fr\u00fcheren Hamburger Oberbaudirektors Fritz Schumacher (1869-1947). Von ihm inspiriert, schauen wir mit interdisziplin\u00e4rem Blick auf die Zukunft der Stadt als Kultur- und Lebensraum&hellip;<\/p>\n","protected":false},"author":8,"featured_media":0,"parent":0,"menu_order":15,"comment_status":"closed","ping_status":"closed","template":"","meta":{"_acf_changed":false,"footnotes":""},"class_list":["post-4803","page","type-page","status-publish","hentry"],"acf":[],"_links":{"self":[{"href":"https:\/\/fritzschumacher.de\/gesellschaft\/wp-json\/wp\/v2\/pages\/4803","targetHints":{"allow":["GET"]}}],"collection":[{"href":"https:\/\/fritzschumacher.de\/gesellschaft\/wp-json\/wp\/v2\/pages"}],"about":[{"href":"https:\/\/fritzschumacher.de\/gesellschaft\/wp-json\/wp\/v2\/types\/page"}],"author":[{"embeddable":true,"href":"https:\/\/fritzschumacher.de\/gesellschaft\/wp-json\/wp\/v2\/users\/8"}],"replies":[{"embeddable":true,"href":"https:\/\/fritzschumacher.de\/gesellschaft\/wp-json\/wp\/v2\/comments?post=4803"}],"version-history":[{"count":82,"href":"https:\/\/fritzschumacher.de\/gesellschaft\/wp-json\/wp\/v2\/pages\/4803\/revisions"}],"predecessor-version":[{"id":8661,"href":"https:\/\/fritzschumacher.de\/gesellschaft\/wp-json\/wp\/v2\/pages\/4803\/revisions\/8661"}],"wp:attachment":[{"href":"https:\/\/fritzschumacher.de\/gesellschaft\/wp-json\/wp\/v2\/media?parent=4803"}],"curies":[{"name":"wp","href":"https:\/\/api.w.org\/{rel}","templated":true}]}}