{"id":6,"date":"2015-11-23T13:52:53","date_gmt":"2015-11-23T12:52:53","guid":{"rendered":"http:\/\/demo-content.kaliumtheme.com\/education\/?page_id=6"},"modified":"2026-02-25T11:26:40","modified_gmt":"2026-02-25T10:26:40","slug":"fritzschumacher","status":"publish","type":"page","link":"http:\/\/fritzschumacher.de\/gesellschaft\/fritzschumacher\/","title":{"rendered":"FRITZ SCHUMACHER"},"content":{"rendered":"<div class=\"wpb-content-wrapper\"><p>[vc_row][vc_column width=&#8220;1\/2&#8243;][vc_column_text css=&#8220;&#8220;]<\/p>\n<h1 style=\"font-weight: 500;\">Vita<\/h1>\n<p><em>english version below<\/em><\/p>\n<p>Der am 4. November 1869 geborene Friedrich Wilhelm (Fritz) Schumacher schloss sein Architekturstudium 1893 an der TH M\u00fcnchen ab und arbeitete zun\u00e4chst im B\u00fcro des Architekten Gabriel von Seidl, bevor er 1895 im Leipziger Stadtbauamt t\u00e4tig wurde. Seinem Selbstverst\u00e4ndnis als K\u00fcnstler entsprach sein Engagement f\u00fcr eine Verbesserung des Lebens durch die Kunst. Ab 1901 lehrte er als Professor an der TH Dresden. 1909 wechselte er an die Spitze des Hamburger Hochbauwesens, wo er nicht nur zahlreiche \u00f6ffentliche Bauten plante, sondern sich der Gesamtgestalt der Stadt widmete und 1914 eine St\u00e4dtebauabteilung einrichtete. Zwischen 1920 und 1923 wirkte er als technischer B\u00fcrgermeister in K\u00f6ln, bevor er in Hamburg die Position eines Oberbaudirektors einnahm. 1933 verlor er sein Amt, publizierte aber weiter. Von Krankheit gezehrt umriss er 1945 die Leitlinien f\u00fcr den Hamburger Wiederaufbau. Er starb am 5. November 1947.<\/p>\n<p><em><span style=\"font-weight: 400;\">Born on November 4 1869, Friedrich Wilhelm (Fritz) Schumacher graduated in architecture from the Technical University of Munich in 1893 and initially worked in the office of architect Gabriel von Seidl before joining the Leipzig city planning office in 1895. He saw himself as an artist and this corresponded to his commitment to improving life through art. From 1901, he taught as a professor at the TH Dresden. In 1909, he moved to the head of Hamburg&#8217;s structural engineering department, where he not only planned numerous public buildings, but also devoted himself to the overall design of the city and set up an urban planning department in 1914. Between 1920 and 1923, he worked as technical mayor in Cologne before taking up the position of Director of Urban Planning (Oberbaudirektor) in Hamburg. He lost his post in 1933, but continued to publish. In 1945, suffering from illness, he outlined the guidelines for Hamburg&#8217;s reconstruction. He died on November 5 1947.<\/span><\/em><\/p>\n<p><a href=\"https:\/\/dfg-viewer.de\/show\/?tx_dlf[id]=https:\/\/mets.sub.uni-hamburg.de\/kitodo\/PPN1800785860&amp;tx_dlf[page]=4\" target=\"_blank\" rel=\"noopener\">&gt;&gt;link zu Schumacher Portrait aus Hamburger Kulturgut Digital<\/a><\/p>\n<p><a href=\"https:\/\/www.mkg-hamburg.de\/sammlung\/objekt\/fritz-schumacher\/P1976.294.2\/mkg-e00146051?term=fritz%20schumacher&amp;context=collection&amp;position=0\" target=\"_blank\" rel=\"noopener\">&gt;&gt;link zu Schumacher Portrait des Museums f\u00fcr Kunst und Gewerbe Hamburg<\/a>[\/vc_column_text][vc_column_text css=&#8220;&#8220;]<\/p>\n<h4 style=\"margin-top: 4px;\"><strong>1869\u20131872 Bremen<\/strong><\/h4>\n<p>Friedrich Wilhelm \u2013 genannt Fritz \u2013 Schumacher wurde am 04. November 1869 in Bremen als Sohn von Dr. Hermann Albert Schumacher und Therese Schumacher geboren.<\/p>\n<p><em>Friedrich Wilhelm &#8211; known as Fritz &#8211; Schumacher was born in Bremen on November 4 1869, the son of Dr. Hermann Albert Schumacher and Therese Schumacher.<\/em><\/p>\n<hr \/>\n<h4><strong>1872\u20131874 Bogot\u00e1<\/strong><\/h4>\n<p>Fritz Schumacher verbrachte seine Kindheit in Kolumbien, da sein Vater in Bogot\u00e1 als kaiserlich deutscher Ministerresident t\u00e4tig war.<\/p>\n<p style=\"font-weight: 400;\"><em>Fritz Schumacher spent his childhood in Colombia, as his father was the Imperial German Minister Resident in Bogot\u00e1.<\/em><\/p>\n<hr \/>\n<h4><strong>1875\u20131883 New York<\/strong><\/h4>\n<p>Der Wechsel des Vaters nach New York, wo dieser die Leitung des deutschen Generalkonsulats \u00fcbernahm, f\u00fchrte f\u00fcr Fritz Schumacher zu einem neuerlichen Auslandsaufenthalt.<\/p>\n<p style=\"font-weight: 400;\"><em>His father&#8217;s move to New York, where he took over the management of the German Consulate General, led to another stay abroad for Fritz Schumacher.<\/em><\/p>\n<hr \/>\n<h4><strong>1883\u20131889 Bremen<\/strong><\/h4>\n<p>Fritz Schumacher und sein Bruder Hermann besuchten das Alte Gymnasium in Bremen bis zum Abitur.<\/p>\n<p style=\"font-weight: 400;\"><em>Fritz Schumacher and his brother Hermann attended the Alte Gymnasium in Bremen until they graduated from high school.<\/em><\/p>\n<hr \/>\n<h4><strong>1889\u20131893 M\u00fcnchen und Berlin<\/strong><\/h4>\n<p>Schumacher h\u00f6rte zun\u00e4chst Kunstgeschichte und Mathematik an der Universit\u00e4t M\u00fcnchen, wechselte aber bald an die TH M\u00fcnchen, wo er bei Friedrich von Thiersch u. a. Architektur studierte, zudem besuchte er vor\u00fcbergehend die TH Charlottenburg.<\/p>\n<p style=\"font-weight: 400;\"><em>Schumacher initially studied art history and mathematics at the University of Munich, but soon transferred to the TH Munich, where he studied architecture under Friedrich von Thiersch, among others, and also temporarily attended the TH Charlottenburg.<\/em><\/p>\n<hr \/>\n<h4><strong>1893\u20131895 M\u00fcnchen<\/strong><\/h4>\n<p>Im B\u00fcro des M\u00fcnchener Architekten Gabriel von Seidl erwarb Schumacher erste berufspraktische Erfahrungen.<\/p>\n<p style=\"font-weight: 400;\"><em>Schumacher gained his first practical professional experience in the office of Munich architect Gabriel von Seidl.<\/em><\/p>\n<hr \/>\n<h4><strong>1895\u20131901 Leipzig<\/strong><\/h4>\n<p>Als Mitarbeiter beim Architekten Hugo Licht arbeitete Schumacher im Stadtbauamt Leipzig. Parallel hierzu schuf er eigene Projekte und publiziert Schriften und Zeichnungen. Mit diesen Aktivit\u00e4ten und seinem Text \u201eIm Kampfe um die Kunst. Beitr\u00e4ge zu architektonischen Zeitfragen\u201c positionierte er sich unter den Protagonisten der Reformbewegung der Jahrhundertwende. F\u00fcr das 25-j\u00e4hrige Bestehen des Leipziger Kunstgewerbemuseums verfasste er das Festspiel \u201ePhantasien in Auerbachs Keller\u201c.<\/p>\n<p style=\"font-weight: 400;\"><em>Schumacher worked for the architect Hugo Licht at the Leipzig city planning office. At the same time, he created his own projects and published writings and drawings. With these activities and his text \u201cIm Kampfe um die Kunst. Contributions to contemporary architectural issues\u201d, he positioned himself among the protagonists of the reform movement at the turn of the century. For the 25th anniversary of the Leipzig Museum of Decorative Arts, he wrote the festival play \u201cFantasies in Auerbach&#8217;s Cellar\u201d.<\/em><\/p>\n<hr \/>\n<h4><strong>1901\u20131909 Dresden<\/strong><\/h4>\n<p>Fritz Schumacher lehrte als Professor an der Technischen Hochschule Dresden und realisierte einzelne Bauauftr\u00e4ge, kunstgewerbliche Arbeiten sowie einen B\u00fchnenbildentwurf zu Shakespeares \u201eHamlet\u201c. Er engagiert sich f\u00fcr die \u201eDritte Deutsche Kunstgewerbe-Ausstellung\u201c in Dresden, wo er einen monumentalen, evangelischen Kirchenraum zeigte, und f\u00fcr den Deutschen Werkbund, zu dessen Gr\u00fcndungsv\u00e4tern er 1907 z\u00e4hlte. Als bedeutendstes Bauwerk dieser Phase gilt das Krematorium Dresden-Tolkewitz.<\/p>\n<p style=\"font-weight: 400;\"><em>Fritz Schumacher taught as a professor at the Technische Hochschule Dresden and designed buildings, objects, furniture,\u00a0 graphics and also a stage set for Shakespeare&#8217;s \u201cHamlet\u201d. He was involved in the \u201eDritte Deutsche Kunstgewerbe-Ausstellung\u201c in Dresden, where he showed a monumental Protestant church interior, and in the Deutscher Werkbund, of which he was one of the founding fathers in 1907. The Dresden-Tolkewitz crematorium is considered his most important building of this phase.<\/em><\/p>\n<hr \/>\n<h4><strong>1909\u20131920 Hamburg<\/strong><\/h4>\n<p>Berufen zum Leiter des Hochbauwesens in Hamburg, plante Fritz Schumacher zahlreiche \u00f6ffentliche Bauten in Hamburg; hierzu z\u00e4hlen u. a. die Staatliche Kunstgewerbeschule, das Tropeninstitut, das Museum f\u00fcr Hamburgische Geschichte, die Davidwache auf der Reeperbahn, das Finanzgeb\u00e4ude am G\u00e4nsemarkt, die Geburtenklink an der Finkenau, die B\u00fccherhalle mit M\u00f6nckeberg-Brunnen, sowie das Johanneum und die Badeanstalt Eppendorf. Au\u00dferdem konnte er sich mit seinen Ideen bei der Gestaltung des Stadtparks durchsetzen. Im Wohnungsbau verwirklichte Schumacher wesentliche Reformen. Er gilt als der Begr\u00fcnder der systematischen, modernen Landesplanung im Raum Hamburg.<\/p>\n<p style=\"font-weight: 400;\"><em>Appointed head of structural engineering in Hamburg, Fritz Schumacher planned numerous public buildings in Hamburg, including the State School of Arts and Crafts, the Tropical Institute, the Museum of Hamburg History, the Davidwache on the Reeperbahn, the finance building on G\u00e4nsemarkt, the maternity clinic on Finkenau, the book hall with M\u00f6nckeberg fountain, as well as the Johanneum and the Eppendorf baths. He was very influential in the design of the Stadtpark. In addition, Schumacher lead significant reforms in housing construction. He is regarded as the founder of systematic, modern regional planning in the Hamburg area.<\/em><\/p>\n<hr \/>\n<h4><strong>1920\u20131923 K\u00f6ln<\/strong><\/h4>\n<p>1919 gewann Schumacher einen st\u00e4dtebaulichen Wettbewerb der Stadt K\u00f6ln zur Gestaltung der Fl\u00e4chen der alten K\u00f6lner Festungsanlagen. Konrad Adenauer holte ihn nach K\u00f6ln, wo er als Technischer B\u00fcrgermeister ein Konzept zur Gesamtentwicklung der Stadt erarbeitet: den Generalsiedlungsplan K\u00f6ln.<\/p>\n<p style=\"font-weight: 400;\"><em>In 1919, Schumacher won an urban planning competition organized by the city of Cologne to design the areas of the old Cologne fortifications. Konrad Adenauer brought him to Cologne, where, as Technical Mayor, he drew up a concept for the overall development of the city: the General Settlement Plan for Cologne.<\/em><\/p>\n<hr \/>\n<h4><strong>1924\u20131933 Hamburg<\/strong><\/h4>\n<p>Nach seiner R\u00fcckkehr nach Hamburg und der Ernennung zum Oberbaudirektor wirkt er mit zahlreichen Projekten pr\u00e4gend auf die Stadt: Bebauungsplan Jarrestadt, Friedhofskapelle XIII, Volksschule Wendenstra\u00dfe u. a. sowie einige Br\u00fccken. Herausragend ist sein Schulbauprogramm mit \u00fcber drei\u00dfig Schulen. Zugleich schuf er einen B\u00fchnenentwurf f\u00fcr \u201eMacbeth\u201c und den Entwurf einer Monumentalb\u00fchne.<\/p>\n<p style=\"font-weight: 400;\"><em>After his return to Hamburg and his appointment as Chief Planning Director, he had a formative influence on the city with numerous projects: the Jarrestadt development plan, Cemetery Chapel XIII, Wendenstra\u00dfe elementary school and several bridges. His school building program with over thirty schools is outstanding. He also created a stage design for \u201cMacbeth\u201d and a design for a monumental stage.<\/em><\/p>\n<p>&nbsp;<\/p>\n<hr \/>\n<h4><strong>1933\u20131943 Hamburg<\/strong><\/h4>\n<p>Der als liberal geltende Schumacher wurde am 03.05.1933 aufgrund der entstandenen politischen Situation zwangspensioniert. Nach seiner Entlassung brachte er sich weiterhin mit Vortr\u00e4gen und Schriften ein, bis er angesichts des Bombenkriegs nach L\u00fcneburg fliehen musste.<\/p>\n<p style=\"font-weight: 400;\"><em>Schumacher, who was considered liberal, was forced to retire on May 3, 1933 due to the political situation that had arisen. After his dismissal, he continued to contribute with lectures and writings until he had to flee to L\u00fcneburg in the face of the bombing campaign.<\/em><\/p>\n<hr \/>\n<h4><strong>1943\u20131947 L\u00fcneburg<\/strong><\/h4>\n<p>Sein weiteres Leben war bestimmt durch Krankheit, Krieg und Entbehrungen. 1945 setzte er sich mit einer Rede im Hamburger Rathaus f\u00fcr den Wiederaufbau der zerst\u00f6rten Stadt ein. Am 05.11.1947 starb er in Hamburg.<\/p>\n<p style=\"font-weight: 400;\"><em>The rest of his life was marked by illness, war and hardship. In 1945, he campaigned for the reconstruction of the destroyed city with a speech in Hamburg City Hall. He died in Hamburg on 5 December 1947.<\/em><\/p>\n<p>[\/vc_column_text][\/vc_column][vc_column width=&#8220;1\/4&#8243;][\/vc_column][vc_column width=&#8220;1\/4&#8243;][vc_single_image image=&#8220;9145&#8243; img_size=&#8220;medium&#8220; onclick=&#8220;custom_link&#8220; css=&#8220;&#8220; link=&#8220;https:\/\/digitalisate.sub.uni-hamburg.de\/recherche\/detail?tx_dlf%5Bdouble%5D=0&amp;tx_dlf%5Bid%5D=33907&amp;tx_dlf%5Bpage%5D=1&amp;tx_dlf%5Bpagegrid%5D=0&amp;cHash=5dae6d8ea050d80c54bb3233746667ba&#8220;][vc_single_image image=&#8220;5196&#8243; img_size=&#8220;medium&#8220;][\/vc_column][\/vc_row][vc_row][vc_column width=&#8220;1\/3&#8243;][\/vc_column][vc_column width=&#8220;1\/3&#8243;][\/vc_column][\/vc_row][vc_row][vc_column][vc_column_text][\/vc_column_text][vc_column_text]<a href=\"http:\/\/fritzschumacher.de\/gesellschaft\/stammbaum\/\" target=\"_blank\" rel=\"noopener\">&gt;&gt; link zu einer Skizze des Stammbaums von Fritz Schumacher<\/a><\/p>\n<p style=\"font-size: 1em;\">Fritz Schumacher<\/p>\n<p style=\"font-size: 0.8em; line-height: 1.35em;\">Prof. Dr. Ing. e. h. Dr. med. h. c. Dr. tech. h. c.<br \/>\nOberbaudirektor der Stadt Hamburg<br \/>\nSenator der Deutschen Akademie in M\u00fcnchen<br \/>\nMitglied der Akademie der K\u00fcnste in Dresden<br \/>\nMitglied der Akademie des Bauwesens in Berlin<br \/>\nHon. Member of the Royal Institut of Britisch Architecture<br \/>\nHon. Member of the Royal Institut of American Architects<br \/>\nEhrenmitglied der Akademie der K\u00fcnste in Wien<br \/>\nEhrenmitglied des Architekten und Ingenieur-Vereins zu Hamburg<br \/>\nEhrenmitglied der Akademie f\u00fcr St\u00e4dtebau und Landesplanung<br \/>\nKorrespondierendes Mitglied der Wittheit zu Bremen<br \/>\nMedaille der Preu\u00dfischen Akademie des Bauwesens<br \/>\nGoethe-Medaille f\u00fcr Kunst und Wissenschaft<br \/>\nLessingpreis der Freien und Hansestadt Hamburg<br \/>\nBremische Medaille f\u00fcr Kunst und Wissenschaft<\/p>\n<p>[\/vc_column_text][\/vc_column][\/vc_row]<\/p>\n<\/div>","protected":false},"excerpt":{"rendered":"<p>[vc_row][vc_column width=&#8220;1\/2&#8243;][vc_column_text css=&#8220;&#8220;] Vita english version below Der am 4. November 1869 geborene Friedrich Wilhelm (Fritz) Schumacher schloss sein Architekturstudium 1893 an der TH M\u00fcnchen ab und arbeitete zun\u00e4chst im B\u00fcro des Architekten Gabriel von Seidl, bevor er 1895 im Leipziger Stadtbauamt t\u00e4tig wurde. Seinem Selbstverst\u00e4ndnis als K\u00fcnstler entsprach sein Engagement f\u00fcr eine Verbesserung des&hellip;<\/p>\n","protected":false},"author":1,"featured_media":1163,"parent":0,"menu_order":5,"comment_status":"closed","ping_status":"closed","template":"","meta":{"_acf_changed":false,"footnotes":""},"class_list":["post-6","page","type-page","status-publish","has-post-thumbnail","hentry"],"acf":[],"_links":{"self":[{"href":"http:\/\/fritzschumacher.de\/gesellschaft\/wp-json\/wp\/v2\/pages\/6","targetHints":{"allow":["GET"]}}],"collection":[{"href":"http:\/\/fritzschumacher.de\/gesellschaft\/wp-json\/wp\/v2\/pages"}],"about":[{"href":"http:\/\/fritzschumacher.de\/gesellschaft\/wp-json\/wp\/v2\/types\/page"}],"author":[{"embeddable":true,"href":"http:\/\/fritzschumacher.de\/gesellschaft\/wp-json\/wp\/v2\/users\/1"}],"replies":[{"embeddable":true,"href":"http:\/\/fritzschumacher.de\/gesellschaft\/wp-json\/wp\/v2\/comments?post=6"}],"version-history":[{"count":74,"href":"http:\/\/fritzschumacher.de\/gesellschaft\/wp-json\/wp\/v2\/pages\/6\/revisions"}],"predecessor-version":[{"id":9147,"href":"http:\/\/fritzschumacher.de\/gesellschaft\/wp-json\/wp\/v2\/pages\/6\/revisions\/9147"}],"wp:featuredmedia":[{"embeddable":true,"href":"http:\/\/fritzschumacher.de\/gesellschaft\/wp-json\/wp\/v2\/media\/1163"}],"wp:attachment":[{"href":"http:\/\/fritzschumacher.de\/gesellschaft\/wp-json\/wp\/v2\/media?parent=6"}],"curies":[{"name":"wp","href":"https:\/\/api.w.org\/{rel}","templated":true}]}}