{"id":4809,"date":"2020-11-20T22:03:07","date_gmt":"2020-11-20T21:03:07","guid":{"rendered":"http:\/\/fritzschumacher.de\/gesellschaft\/?page_id=4809"},"modified":"2025-12-29T17:23:36","modified_gmt":"2025-12-29T16:23:36","slug":"mitgliedschaft","status":"publish","type":"page","link":"http:\/\/fritzschumacher.de\/gesellschaft\/mitgliedschaft\/","title":{"rendered":"MEMBERSHIP"},"content":{"rendered":"<div class=\"wpb-content-wrapper\"><p>[vc_row][vc_column width=&#8220;1\/2&#8243;][vc_column_text css=&#8220;&#8220;]<\/p>\r\n<h1 style=\"font-weight: 500;\"><em>Mitgliedschaft<\/em><\/h1>\r\n<p><em>Werden Sie Mitglied in der Fritz-Schumacher-Gesellschaft und haben Sie teil am Architektur- und Stadtdiskurs in Hamburg!<\/em><\/p>\r\n<p>[\/vc_column_text][vc_column_text css=&#8220;&#8220;]<\/p>\r\n<p><strong>Mitgliedschaft<br \/><\/strong>Wir bieten unseren Mitgliedern<\/p>\r\n<p>&gt; direkte Teilhabe an spannenden Diskussionen und Veranstaltungen<br \/>&gt; exklusive Veranstaltungen, Rundg\u00e4nge und Exkursionen<br \/>&gt; die M\u00f6glichkeit, sich aktiv f\u00fcr Architektur- und Baukultur einzusetzen<\/p>\r\n<p>\r\n\r\nMitgliedsbeitrag: 60 Euro \/ Jahr<br \/>Mitgliedsbeitrag Studierende: 20 Euro \/ Jahr<\/p>\r\n<p><a href=\"http:\/\/fritzschumacher.de\/gesellschaft\/wp-content\/uploads\/fsg-Beitrittserklaerung.pdf\" target=\"_blank\" rel=\"noopener\">&gt; Antrag Mitgliedschaft (pdf-Download)<\/a><\/p>\r\n<p>Sie k\u00f6nnen uns den unterzeichneten Antrag gerne per mail an gesellschaft@fritzschumacher.de schicken.<\/p>\r\n<p>[\/vc_column_text][vc_column_text css=&#8220;.vc_custom_1767025412679{margin-top: 20px !important;}&#8220;]<\/p>\r\n<p><strong>F\u00f6rdermitgliedschaft<br \/><\/strong>Um die vielf\u00e4ltigen Aktivit\u00e4ten der Fritz-Schumacher-Gesellschaft finanzieren zu k\u00f6nnen, sind wir auf gro\u00dfz\u00fcgige Spenden unter anderem von unseren F\u00f6rdermitgliedern angewiesen. Als F\u00f6rdermitglied zahlen Sie einen j\u00e4hrlichen F\u00f6rderbeitrag und werden als auf unserer Website als Unterst\u00fctzer der Fritz-Schumacher-Gesellschaft genannt.<\/p>\r\n<p>[\/vc_column_text][vc_column_text css=&#8220;.vc_custom_1767025347630{margin-top: 20px !important;}&#8220;]<\/p>\r\n<p><strong>Spenden<\/strong><br \/>Wir freuen uns sehr, wenn Sie unsere Arbeit durch eine Spende unterst\u00fctzen m\u00f6chten!<\/p>\r\n<p>Fritz-Schumacher-Gesellschaft e.V.<br \/><strong>DE63 2005 0550 1229 1244 07<br \/><\/strong>Verwendungszweck: Spende Fritz-Schumacher-Gesellschaft e.V.<\/p>\r\n<p>Wenn Sie eine Spendenbescheinigung ben\u00f6tigen, bitten wir Sie um eine kurze Nachricht an gesellschaft@fritzschumacher.de<\/p>\r\n<p>&nbsp;<\/p>\r\n<p>&nbsp;<\/p>\r\n<p>[\/vc_column_text][vc_column_text css=&#8220;.vc_custom_1767025369119{margin-top: 20px !important;}&#8220;]<\/p>\r\n<h1 style=\"font-weight: 500;\"><em>Membership<\/em><\/h1>\r\n<p style=\"font-weight: 400;\"><em>Become a member of the Fritz Schumacher Society and take part in the architectural and urban discourse in Hamburg!<\/em><\/p>\r\n<p style=\"font-weight: 400;\"><em><strong>Membership<br \/><\/strong>We offer our members<\/em><\/p>\r\n<p><em>&gt; direct participation in exciting discussions and events<br \/><\/em><em>&gt; exclusive events, tours and excursions<br \/><\/em><em>&gt; the opportunity to actively promote architecture and building culture<\/em><\/p>\r\n<p style=\"font-weight: 400;\"><em>Membership fee: 60 euros \/ year<\/em><br \/><em>Student membership fee: 20 euros \/ year<\/em><\/p>\r\n<p style=\"font-weight: 400;\"><em><strong>Sponsoring membership<br \/><\/strong>In order to finance the diverse activities of the Fritz Schumacher Society, we rely on the generous donations of our sponsors. Please contact us if you would like to support us.<\/em><\/p>\r\n<p>\u00a0<\/p>\r\n<p>[\/vc_column_text][vc_column_text css=&#8220;.vc_custom_1737926998753{margin-top: 20px !important;}&#8220;]<\/p>\r\n<p>Fritz-Schumacher-Gesellschaft e.V.<br \/>Gro\u00dfe Elbstra\u00dfe 279<br \/>22767 Hamburg<\/p>\r\n<p>gesellschaft@fritzschumacher.de<\/p>\r\n<p>[\/vc_column_text][\/vc_column][vc_column width=&#8220;1\/4&#8243;][\/vc_column][vc_column width=&#8220;1\/4&#8243;][vc_empty_space height=&#8220;350px&#8220;][vc_single_image image=&#8220;7619&#8243; img_size=&#8220;full&#8220; onclick=&#8220;custom_link&#8220; img_link_target=&#8220;_blank&#8220; css=&#8220;&#8220; link=&#8220;http:\/\/fritzschumacher.de\/gesellschaft\/wp-content\/uploads\/fsg-Beitrittserklaerung.pdf&#8220;][\/vc_column][\/vc_row]<\/p><\/div>","protected":false},"excerpt":{"rendered":"<p>[vc_row][vc_column width=&#8220;1\/2&#8243;][vc_column_text css=&#8220;&#8220;] Mitgliedschaft Werden Sie Mitglied in der Fritz-Schumacher-Gesellschaft und haben Sie teil am Architektur- und Stadtdiskurs in Hamburg! [\/vc_column_text][vc_column_text css=&#8220;&#8220;] MitgliedschaftWir bieten unseren Mitgliedern &gt; direkte Teilhabe an spannenden Diskussionen und Veranstaltungen&gt; exklusive Veranstaltungen, Rundg\u00e4nge und Exkursionen&gt; die M\u00f6glichkeit, sich aktiv f\u00fcr Architektur- und Baukultur einzusetzen<\/p>\n","protected":false},"author":8,"featured_media":0,"parent":0,"menu_order":13,"comment_status":"closed","ping_status":"closed","template":"","meta":{"_acf_changed":false,"footnotes":""},"class_list":["post-4809","page","type-page","status-publish","hentry"],"acf":[],"_links":{"self":[{"href":"http:\/\/fritzschumacher.de\/gesellschaft\/wp-json\/wp\/v2\/pages\/4809","targetHints":{"allow":["GET"]}}],"collection":[{"href":"http:\/\/fritzschumacher.de\/gesellschaft\/wp-json\/wp\/v2\/pages"}],"about":[{"href":"http:\/\/fritzschumacher.de\/gesellschaft\/wp-json\/wp\/v2\/types\/page"}],"author":[{"embeddable":true,"href":"http:\/\/fritzschumacher.de\/gesellschaft\/wp-json\/wp\/v2\/users\/8"}],"replies":[{"embeddable":true,"href":"http:\/\/fritzschumacher.de\/gesellschaft\/wp-json\/wp\/v2\/comments?post=4809"}],"version-history":[{"count":54,"href":"http:\/\/fritzschumacher.de\/gesellschaft\/wp-json\/wp\/v2\/pages\/4809\/revisions"}],"predecessor-version":[{"id":8938,"href":"http:\/\/fritzschumacher.de\/gesellschaft\/wp-json\/wp\/v2\/pages\/4809\/revisions\/8938"}],"wp:attachment":[{"href":"http:\/\/fritzschumacher.de\/gesellschaft\/wp-json\/wp\/v2\/media?parent=4809"}],"curies":[{"name":"wp","href":"https:\/\/api.w.org\/{rel}","templated":true}]}}